{"id":12,"date":"2022-10-25T11:35:07","date_gmt":"2022-10-25T11:35:07","guid":{"rendered":"https:\/\/demo.creativethemes.com\/blocksy\/restaurant\/?page_id=12"},"modified":"2026-03-25T23:54:58","modified_gmt":"2026-03-25T22:54:58","slug":"about","status":"publish","type":"page","link":"https:\/\/deliriogastrobar.com\/index.php\/about\/","title":{"rendered":"Men\u00fas"},"content":{"rendered":"<h2 class=\"wp-block-post-title\">Men\u00fas<\/h2>\n\n\n<figure class=\"wp-block-image size-large is-resized\"><img loading=\"lazy\" decoding=\"async\" width=\"768\" height=\"1024\" src=\"https:\/\/deliriogastrobar.com\/wp-content\/uploads\/2026\/03\/SALA-PRIVADA-768x1024.jpg\" alt=\"\" class=\"wp-image-828\" style=\"width:1296px;height:auto\" srcset=\"https:\/\/deliriogastrobar.com\/wp-content\/uploads\/2026\/03\/SALA-PRIVADA-768x1024.jpg 768w, https:\/\/deliriogastrobar.com\/wp-content\/uploads\/2026\/03\/SALA-PRIVADA-225x300.jpg 225w, https:\/\/deliriogastrobar.com\/wp-content\/uploads\/2026\/03\/SALA-PRIVADA-1152x1536.jpg 1152w, https:\/\/deliriogastrobar.com\/wp-content\/uploads\/2026\/03\/SALA-PRIVADA-1536x2048.jpg 1536w, https:\/\/deliriogastrobar.com\/wp-content\/uploads\/2026\/03\/SALA-PRIVADA-scaled.jpg 1920w\" sizes=\"auto, (max-width: 768px) 100vw, 768px\" \/><\/figure>\n\n\n\n<div class=\"wp-block-stackable-heading stk-block-heading stk-block-heading--v2 stk-block stk-28f926d\" id=\"span-style-color-fefefe-class-stk-highlight-menu-degustacio-span\" data-block-id=\"28f926d\"><style>.stk-28f926d {margin-bottom:0px !important;}<\/style><h2 class=\"stk-block-heading__text\"><span style=\"color: #fefefe;\" class=\"stk-highlight\">MEN\u00da DEGUSTACI\u00d3<\/span><\/h2><\/div>\n\n\n\n<div class=\"wp-block-stackable-heading stk-block-heading stk-block-heading--v2 stk-block stk-a9a8448\" id=\"en-el-archivo-pdf-podreis-ver-el-menu-degustacion-que-ofrecemos-este-2024-esta-compuesto-de-unos-entrantes-pensados-al-detalle-para-que-vayais-conociendo-nuestra-los-si-teneis-cualquier-duda-o-intolerancia-debeis-avisar-a-nuestro-personal\" data-block-id=\"a9a8448\"><h4 class=\"stk-block-heading__text\">Aquest men\u00fa est\u00e0 compost d&#8217;uns entrants, plats principals, postres casolans i un maridatge pensat al detall, perqu\u00e8 aneu coneixent la nostra ess\u00e8ncia i els productes amb els que treballem. Sempre apostant per la seva proximitat i km 0, oferint la millor qualitat. <\/h4><\/div>\n\n\n\n<div class=\"wp-block-stackable-heading stk-block-heading stk-block-heading--v2 stk-block stk-eb28b66\" id=\"en-el-archivo-pdf-podreis-ver-el-menu-degustacion-que-ofrecemos-este-2024-esta-compuesto-de-unos-entrantes-pensados-al-detalle-para-que-vayais-conociendo-nuestra-los-si-teneis-cualquier-duda-o-intolerancia-debeis-avisar-a-nuestro-personal\" data-block-id=\"eb28b66\"><h4 class=\"stk-block-heading__text\">Podeu fer el men\u00fa in situ al nostre establiment. Nom\u00e9s us demanem si teniu pensat venir, reserveu per ajudar-nos a tenir una millor previsi\u00f3. Aquest men\u00fa est\u00e0 enfocat a compartir i per aix\u00f2, el m\u00ednim de persones s\u00f3n dues per poder servir-lo.<\/h4><\/div>\n\n\n\n<div class=\"wp-block-stackable-heading stk-block-heading stk-block-heading--v2 stk-block stk-a6c1056\" id=\"en-el-archivo-pdf-podreis-ver-el-menu-degustacion-que-ofrecemos-este-2024-esta-compuesto-de-unos-entrantes-pensados-al-detalle-para-que-vayais-conociendo-nuestra-los-si-teneis-cualquier-duda-o-intolerancia-debeis-avisar-a-nuestro-personal\" data-block-id=\"a6c1056\"><h4 class=\"stk-block-heading__text\">Si teniu qualsevol dubte o intoler\u00e0ncia heu d&#8217;avisar el nostre personal. <\/h4><\/div>\n\n\n\n<div class=\"wp-block-stackable-heading stk-block-heading stk-block-heading--v2 stk-block stk-658a68e\" id=\"en-el-archivo-pdf-podreis-ver-el-menu-degustacion-que-ofrecemos-este-2024-esta-compuesto-de-unos-entrantes-pensados-al-detalle-para-que-vayais-conociendo-nuestra-los-si-teneis-cualquier-duda-o-intolerancia-debeis-avisar-a-nuestro-personal\" data-block-id=\"658a68e\"><h4 class=\"stk-block-heading__text\">En els seg\u00fcents arxius pdf, podreu veure el men\u00fa degustaci\u00f3 que oferim aquest 2025 en diversos idiomes (catal\u00e0, espanyol i angl\u00e8s).<\/h4><\/div>\n\n\n\n<div class=\"wp-block-stackable-columns stk-block-columns stk-block stk-910a9af\" data-block-id=\"910a9af\"><style>.stk-910a9af {margin-bottom:21px !important;}.stk-910a9af-column{row-gap:50px !important;}<\/style><div class=\"stk-row stk-inner-blocks stk-block-content stk-content-align stk-910a9af-column\">\n<div class=\"wp-block-stackable-column stk-block-column stk-column stk-block stk-1e0f433\" data-v=\"4\" data-block-id=\"1e0f433\"><div class=\"stk-column-wrapper stk-block-column__content stk-container stk-1e0f433-container stk--no-background stk--no-padding\"><div class=\"stk-block-content stk-inner-blocks stk-1e0f433-inner-blocks\">\n<div class=\"wp-block-stackable-columns stk-block-columns stk-block stk-b88cbd7\" data-block-id=\"b88cbd7\"><div class=\"stk-row stk-inner-blocks stk-block-content stk-content-align stk-b88cbd7-column\">\n<div class=\"wp-block-stackable-column stk-block-column stk-column stk-block stk-998758d\" data-v=\"4\" data-block-id=\"998758d\"><div class=\"stk-column-wrapper stk-block-column__content stk-container stk-998758d-container stk--no-background stk--no-padding\"><div class=\"stk-block-content stk-inner-blocks stk-998758d-inner-blocks\">\n<div data-wp-interactive=\"core\/file\" class=\"wp-block-file\"><object data-wp-bind--hidden=\"!state.hasPdfPreview\" hidden class=\"wp-block-file__embed\" data=\"https:\/\/deliriogastrobar.com\/wp-content\/uploads\/2025\/05\/Menu-degustacio-catala-2025.pdf\" type=\"application\/pdf\" style=\"width:100%;height:600px\" aria-label=\"Incrustado de Menu\u0301 degustacio\u0301 catala\u0300 2025.\"><\/object><a id=\"wp-block-file--media-ee265f68-8120-4515-b1d0-d0b9c85abc8b\" href=\"https:\/\/deliriogastrobar.com\/wp-content\/uploads\/2025\/05\/Menu-degustacio-catala-2025.pdf\">Menu\u0301 degustacio\u0301 catala\u0300 2025<\/a><a href=\"https:\/\/deliriogastrobar.com\/wp-content\/uploads\/2025\/05\/Menu-degustacio-catala-2025.pdf\" class=\"wp-block-file__button wp-element-button\" download aria-describedby=\"wp-block-file--media-ee265f68-8120-4515-b1d0-d0b9c85abc8b\">Descarga<\/a><\/div>\n<\/div><\/div><\/div>\n<\/div><\/div>\n<\/div><\/div><\/div>\n<\/div><\/div>\n\n\n\n<div data-wp-interactive=\"core\/file\" class=\"wp-block-file\"><object data-wp-bind--hidden=\"!state.hasPdfPreview\" hidden class=\"wp-block-file__embed\" data=\"https:\/\/deliriogastrobar.com\/wp-content\/uploads\/2025\/05\/Menu-degustacio-espanyol-2025.pdf\" type=\"application\/pdf\" style=\"width:100%;height:600px\" aria-label=\"Incrustado de Menu\u0301 degustacio\u0301 espanyol 2025.\"><\/object><a id=\"wp-block-file--media-21520aca-b13f-4726-81aa-34971b9b20c8\" href=\"https:\/\/deliriogastrobar.com\/wp-content\/uploads\/2025\/05\/Menu-degustacio-espanyol-2025.pdf\">Menu\u0301 degustacio\u0301 espanyol 2025<\/a><a href=\"https:\/\/deliriogastrobar.com\/wp-content\/uploads\/2025\/05\/Menu-degustacio-espanyol-2025.pdf\" class=\"wp-block-file__button wp-element-button\" download aria-describedby=\"wp-block-file--media-21520aca-b13f-4726-81aa-34971b9b20c8\">Descarga<\/a><\/div>\n\n\n\n<div data-wp-interactive=\"core\/file\" class=\"wp-block-file\"><object data-wp-bind--hidden=\"!state.hasPdfPreview\" hidden class=\"wp-block-file__embed\" data=\"https:\/\/deliriogastrobar.com\/wp-content\/uploads\/2025\/05\/Menu-degustacio-english-2025.pdf\" type=\"application\/pdf\" style=\"width:100%;height:600px\" aria-label=\"Incrustado de Menu\u0301 degustacio\u0301 english 2025.\"><\/object><a id=\"wp-block-file--media-0b1ddf17-d852-4d03-b5f6-6da6010f37b6\" href=\"https:\/\/deliriogastrobar.com\/wp-content\/uploads\/2025\/05\/Menu-degustacio-english-2025.pdf\">Menu\u0301 degustacio\u0301 english 2025<\/a><a href=\"https:\/\/deliriogastrobar.com\/wp-content\/uploads\/2025\/05\/Menu-degustacio-english-2025.pdf\" class=\"wp-block-file__button wp-element-button\" download aria-describedby=\"wp-block-file--media-0b1ddf17-d852-4d03-b5f6-6da6010f37b6\">Descarga<\/a><\/div>\n\n\n\n<h2 class=\"wp-block-heading\">MEN\u00da DE GRUP<\/h2>\n\n\n\n<h4 class=\"wp-block-heading\">Si esteu buscant on celebrar un esdeveniment especial, tenim una sala privada on gaudir amb qui vulgueu d&#8217;un men\u00fa tancat. Per tal de reservar l&#8217;espai haureu de posar-vos en contacte amb el nostre equip, amb un m\u00ednim d&#8217;una setmana de marge.<\/h4>\n\n\n\n<div class=\"wp-block-cover\"><video class=\"wp-block-cover__video-background intrinsic-ignore\" autoplay muted loop playsinline src=\"https:\/\/deliriogastrobar.com\/wp-content\/uploads\/2024\/02\/sala-fiesta.mp4\" data-object-fit=\"cover\"><\/video><span aria-hidden=\"true\" class=\"wp-block-cover__background has-background-dim\"><\/span><div class=\"wp-block-cover__inner-container is-layout-flow wp-block-cover-is-layout-flow\">\n<p class=\"has-text-align-center has-large-font-size\"><\/p>\n<\/div><\/div>\n\n\n\n<div data-wp-interactive=\"core\/file\" class=\"wp-block-file\"><object data-wp-bind--hidden=\"!state.hasPdfPreview\" hidden class=\"wp-block-file__embed\" data=\"https:\/\/deliriogastrobar.com\/wp-content\/uploads\/2025\/05\/Menu-de-grup-CAT-2025.pdf\" type=\"application\/pdf\" style=\"width:100%;height:600px\" aria-label=\"Incrustado de Menu\u0301 de grup CAT 2025.\"><\/object><a id=\"wp-block-file--media-26900016-49c2-489d-a39a-c54b4c2b4c74\" href=\"https:\/\/deliriogastrobar.com\/wp-content\/uploads\/2025\/05\/Menu-de-grup-CAT-2025.pdf\">Menu\u0301 de grup CAT 2025<\/a><a href=\"https:\/\/deliriogastrobar.com\/wp-content\/uploads\/2025\/05\/Menu-de-grup-CAT-2025.pdf\" class=\"wp-block-file__button wp-element-button\" download aria-describedby=\"wp-block-file--media-26900016-49c2-489d-a39a-c54b4c2b4c74\">Descarga<\/a><\/div>\n\n\n\n<div data-wp-interactive=\"core\/file\" class=\"wp-block-file\"><object data-wp-bind--hidden=\"!state.hasPdfPreview\" hidden class=\"wp-block-file__embed\" data=\"https:\/\/deliriogastrobar.com\/wp-content\/uploads\/2025\/05\/Menu-de-grupo-CAST-2025.pdf\" type=\"application\/pdf\" style=\"width:100%;height:600px\" aria-label=\"Incrustado de Menu\u0301 de grupo CAST 2025.\"><\/object><a id=\"wp-block-file--media-0f4064bb-e640-4ecd-8f8a-f3f713b37dda\" href=\"https:\/\/deliriogastrobar.com\/wp-content\/uploads\/2025\/05\/Menu-de-grupo-CAST-2025.pdf\">Menu\u0301 de grupo CAST 2025<\/a><a href=\"https:\/\/deliriogastrobar.com\/wp-content\/uploads\/2025\/05\/Menu-de-grupo-CAST-2025.pdf\" class=\"wp-block-file__button wp-element-button\" download aria-describedby=\"wp-block-file--media-0f4064bb-e640-4ecd-8f8a-f3f713b37dda\">Descarga<\/a><\/div>\n","protected":false},"excerpt":{"rendered":"<p>MEN\u00da DEGUSTACI\u00d3 Aquest men\u00fa est\u00e0 compost d&#8217;uns entrants, plats principals, postres casolans i un maridatge pensat al detall, perqu\u00e8 aneu coneixent la nostra ess\u00e8ncia i els productes amb els que treballem. Sempre apostant per la seva proximitat i km 0, oferint la millor qualitat. Podeu fer el men\u00fa in situ al nostre establiment. Nom\u00e9s us [&hellip;]<\/p>\n","protected":false},"author":1,"featured_media":0,"parent":0,"menu_order":0,"comment_status":"closed","ping_status":"closed","template":"","meta":{"footnotes":""},"class_list":["post-12","page","type-page","status-publish","hentry"],"blocksy_meta":{"page_title_panel":"","has_hero_section":"disabled","f700678cfac4c19edaeae7a73ab1ab15":"","hero_section":"type-1","hero_elements":[{"id":"custom_title","enabled":true,"heading_tag":"h1","title":"Home"},{"id":"custom_description","enabled":true,"description_visibility":{"desktop":true,"tablet":true,"mobile":false}},{"id":"custom_meta","enabled":false,"meta_elements":[{"id":"author","enabled":true,"label":"By","has_author_avatar":"yes","avatar_size":25},{"id":"post_date","enabled":true,"label":"On","date_format_source":"default","date_format":"M j, Y"},{"id":"updated_date","enabled":false,"label":"On","date_format_source":"default","date_format":"M j, Y"},{"id":"categories","enabled":false,"label":"In","style":"simple"},{"id":"comments","enabled":true}],"page_meta_elements":{"joined":true,"articles_count":true,"comments":true}},{"id":"breadcrumbs","enabled":false}],"26ad57cea77fed65c89549070f86b5f9":"","hero_alignment1":"CT_CSS_SKIP_RULE","hero_margin":40,"hero_alignment2":"center","hero_vertical_alignment":"center","e884ab5584203220a36ece5722afc66d":"","hero_structure":"narrow","b77825b265ab11935728c1e208847986":"","page_title_bg_type":"featured_image","custom_hero_background":{"attachment_id":null},"page_title_image_size":"full","parallax":{"desktop":false,"tablet":false,"mobile":false},"ad8c06f5d63fd6a5a093456271a25a89":"","hero_height":"250px","pageTitleFont":{"family":"Default","variation":"Default","size":"30px","line-height":"CT_CSS_SKIP_RULE","letter-spacing":"CT_CSS_SKIP_RULE","text-transform":"CT_CSS_SKIP_RULE","text-decoration":"CT_CSS_SKIP_RULE"},"pageTitleFontColor":{"default":{"color":"CT_CSS_SKIP_RULEDEFAULT"}},"pageMetaFont":{"family":"Default","variation":"n6","size":"12px","line-height":"1.3","letter-spacing":"CT_CSS_SKIP_RULE","text-transform":"uppercase","text-decoration":"CT_CSS_SKIP_RULE"},"pageMetaFontColor":{"default":{"color":"CT_CSS_SKIP_RULEDEFAULT"},"hover":{"color":"CT_CSS_SKIP_RULEDEFAULT"}},"page_meta_button_type_font_colors":{"default":{"color":"CT_CSS_SKIP_RULEDEFAULT"},"hover":{"color":"CT_CSS_SKIP_RULEDEFAULT"}},"page_meta_button_type_background_colors":{"default":{"color":"CT_CSS_SKIP_RULEDEFAULT"},"hover":{"color":"CT_CSS_SKIP_RULEDEFAULT"}},"pageExcerptFont":{"family":"Default","variation":"Default","size":"CT_CSS_SKIP_RULE","line-height":"CT_CSS_SKIP_RULE","letter-spacing":"CT_CSS_SKIP_RULE","text-transform":"CT_CSS_SKIP_RULE","text-decoration":"CT_CSS_SKIP_RULE"},"pageExcerptColor":{"default":{"color":"CT_CSS_SKIP_RULEDEFAULT"}},"breadcrumbsFont":{"family":"Default","variation":"Default","size":"CT_CSS_SKIP_RULE","line-height":"CT_CSS_SKIP_RULE","letter-spacing":"CT_CSS_SKIP_RULE","text-transform":"CT_CSS_SKIP_RULE","text-decoration":"CT_CSS_SKIP_RULE"},"breadcrumbsFontColor":{"default":{"color":"CT_CSS_SKIP_RULEDEFAULT"},"initial":{"color":"CT_CSS_SKIP_RULEDEFAULT"},"hover":{"color":"CT_CSS_SKIP_RULEDEFAULT"}},"pageTitleOverlay":{"background_type":"color","background_pattern":"type-1","background_image":{"attachment_id":null,"x":0,"y":0},"gradient":"linear-gradient(135deg,rgba(6,147,227,1) 0%,rgb(155,81,224) 100%)","background_repeat":"repeat","background_size":"auto","background_attachment":"scroll","patternColor":{"default":{"color":"#e5e7ea"}},"overlayColor":{"default":{"color":"CT_CSS_SKIP_RULE"}},"backgroundColor":{"default":{"color":"CT_CSS_SKIP_RULE"}}},"pageTitleBackground":{"background_type":"color","background_pattern":"type-1","background_image":{"attachment_id":null,"x":0,"y":0},"gradient":"linear-gradient(135deg,rgba(6,147,227,1) 0%,rgb(155,81,224) 100%)","background_repeat":"repeat","background_size":"auto","background_attachment":"scroll","patternColor":{"default":{"color":"#e5e7ea"}},"overlayColor":{"default":{"color":"CT_CSS_SKIP_RULE"}},"backgroundColor":{"default":{"color":"var(--theme-palette-color-6)"}}},"pageTitlePadding":{"top":"50px","bottom":"50px","left":"auto","right":"auto","linked":true},"db7414a638ad699df1e364534332d70f":"","page_structure_type":"default","78ff6ba727e7b36633ff4fd21cc765ee":"","content_style_source":"inherit","content_style":"wide","vertical_spacing_source":"custom","content_area_spacing":"none","background":{"background_type":{"background_type":"color","background_pattern":"type-1","background_image":{"attachment_id":null,"x":0,"y":0},"gradient":"linear-gradient(135deg,rgba(6,147,227,1) 0%,rgb(155,81,224) 100%)","background_repeat":"repeat","background_size":"auto","background_attachment":"scroll","patternColor":{"default":{"color":"#e5e7ea"}},"overlayColor":{"default":{"color":"CT_CSS_SKIP_RULE"}},"backgroundColor":{"default":{"color":"var(--theme-palette-color-5)"}}},"background_pattern":{"background_type":"color","background_pattern":"type-1","background_image":{"attachment_id":null,"x":0,"y":0},"gradient":"linear-gradient(135deg,rgba(6,147,227,1) 0%,rgb(155,81,224) 100%)","background_repeat":"repeat","background_size":"auto","background_attachment":"scroll","patternColor":{"default":{"color":"#e5e7ea"}},"overlayColor":{"default":{"color":"CT_CSS_SKIP_RULE"}},"backgroundColor":{"default":{"color":"var(--theme-palette-color-5)"}}},"background_image":{"background_type":"color","background_pattern":"type-1","background_image":{"attachment_id":null,"x":0,"y":0},"gradient":"linear-gradient(135deg,rgba(6,147,227,1) 0%,rgb(155,81,224) 100%)","background_repeat":"repeat","background_size":"auto","background_attachment":"scroll","patternColor":{"default":{"color":"#e5e7ea"}},"overlayColor":{"default":{"color":"CT_CSS_SKIP_RULE"}},"backgroundColor":{"default":{"color":"var(--theme-palette-color-5)"}}},"gradient":{"background_type":"color","background_pattern":"type-1","background_image":{"attachment_id":null,"x":0,"y":0},"gradient":"linear-gradient(135deg,rgba(6,147,227,1) 0%,rgb(155,81,224) 100%)","background_repeat":"repeat","background_size":"auto","background_attachment":"scroll","patternColor":{"default":{"color":"#e5e7ea"}},"overlayColor":{"default":{"color":"CT_CSS_SKIP_RULE"}},"backgroundColor":{"default":{"color":"var(--theme-palette-color-5)"}}},"background_repeat":{"background_type":"color","background_pattern":"type-1","background_image":{"attachment_id":null,"x":0,"y":0},"gradient":"linear-gradient(135deg,rgba(6,147,227,1) 0%,rgb(155,81,224) 100%)","background_repeat":"repeat","background_size":"auto","background_attachment":"scroll","patternColor":{"default":{"color":"#e5e7ea"}},"overlayColor":{"default":{"color":"CT_CSS_SKIP_RULE"}},"backgroundColor":{"default":{"color":"var(--theme-palette-color-5)"}}},"background_size":{"background_type":"color","background_pattern":"type-1","background_image":{"attachment_id":null,"x":0,"y":0},"gradient":"linear-gradient(135deg,rgba(6,147,227,1) 0%,rgb(155,81,224) 100%)","background_repeat":"repeat","background_size":"auto","background_attachment":"scroll","patternColor":{"default":{"color":"#e5e7ea"}},"overlayColor":{"default":{"color":"CT_CSS_SKIP_RULE"}},"backgroundColor":{"default":{"color":"var(--theme-palette-color-5)"}}},"background_attachment":{"background_type":"color","background_pattern":"type-1","background_image":{"attachment_id":null,"x":0,"y":0},"gradient":"linear-gradient(135deg,rgba(6,147,227,1) 0%,rgb(155,81,224) 100%)","background_repeat":"repeat","background_size":"auto","background_attachment":"scroll","patternColor":{"default":{"color":"#e5e7ea"}},"overlayColor":{"default":{"color":"CT_CSS_SKIP_RULE"}},"backgroundColor":{"default":{"color":"var(--theme-palette-color-5)"}}},"patternColor":{"background_type":"color","background_pattern":"type-1","background_image":{"attachment_id":null,"x":0,"y":0},"gradient":"linear-gradient(135deg,rgba(6,147,227,1) 0%,rgb(155,81,224) 100%)","background_repeat":"repeat","background_size":"auto","background_attachment":"scroll","patternColor":{"default":{"color":"#e5e7ea"}},"overlayColor":{"default":{"color":"CT_CSS_SKIP_RULE"}},"backgroundColor":{"default":{"color":"var(--theme-palette-color-5)"}}},"overlayColor":{"background_type":"color","background_pattern":"type-1","background_image":{"attachment_id":null,"x":0,"y":0},"gradient":"linear-gradient(135deg,rgba(6,147,227,1) 0%,rgb(155,81,224) 100%)","background_repeat":"repeat","background_size":"auto","background_attachment":"scroll","patternColor":{"default":{"color":"#e5e7ea"}},"overlayColor":{"default":{"color":"CT_CSS_SKIP_RULE"}},"backgroundColor":{"default":{"color":"var(--theme-palette-color-5)"}}},"backgroundColor":{"background_type":"color","background_pattern":"type-1","background_image":{"attachment_id":null,"x":0,"y":0},"gradient":"linear-gradient(135deg,rgba(6,147,227,1) 0%,rgb(155,81,224) 100%)","background_repeat":"repeat","background_size":"auto","background_attachment":"scroll","patternColor":{"default":{"color":"#e5e7ea"}},"overlayColor":{"default":{"color":"CT_CSS_SKIP_RULE"}},"backgroundColor":{"default":{"color":"var(--theme-palette-color-5)"}}},"desktop":{"background_type":"color","background_pattern":"type-1","background_image":{"attachment_id":null,"x":0,"y":0},"gradient":"linear-gradient(135deg,rgba(6,147,227,1) 0%,rgb(155,81,224) 100%)","background_repeat":"repeat","background_size":"auto","background_attachment":"scroll","patternColor":{"default":{"color":"#e5e7ea"}},"overlayColor":{"default":{"color":"CT_CSS_SKIP_RULE"}},"backgroundColor":{"default":{"color":"var(--theme-palette-color-5)"}}},"tablet":{"background_type":"color","background_pattern":"type-1","background_image":{"attachment_id":null,"x":0,"y":0},"gradient":"linear-gradient(135deg,rgba(6,147,227,1) 0%,rgb(155,81,224) 100%)","background_repeat":"repeat","background_size":"auto","background_attachment":"scroll","patternColor":{"default":{"color":"#e5e7ea"}},"overlayColor":{"default":{"color":"CT_CSS_SKIP_RULE"}},"backgroundColor":{"default":{"color":"var(--theme-palette-color-5)"}}},"mobile":{"background_type":"color","background_pattern":"type-1","background_image":{"attachment_id":null,"x":0,"y":0},"gradient":"linear-gradient(135deg,rgba(6,147,227,1) 0%,rgb(155,81,224) 100%)","background_repeat":"repeat","background_size":"auto","background_attachment":"scroll","patternColor":{"default":{"color":"#e5e7ea"}},"overlayColor":{"default":{"color":"CT_CSS_SKIP_RULE"}},"backgroundColor":{"default":{"color":"var(--theme-palette-color-5)"}}},"__changed":[]},"content_background":{"background_type":"color","background_pattern":"type-1","background_image":{"attachment_id":null,"x":0,"y":0},"gradient":"linear-gradient(135deg,rgba(6,147,227,1) 0%,rgb(155,81,224) 100%)","background_repeat":"repeat","background_size":"auto","background_attachment":"scroll","patternColor":{"default":{"color":"#e5e7ea"}},"overlayColor":{"default":{"color":"CT_CSS_SKIP_RULE"}},"backgroundColor":{"default":{"color":"var(--theme-palette-color-8)"}}},"content_boxed_shadow":{"inherit":false,"blur":18,"spread":-6,"v_offset":12,"h_offset":0,"inset":false,"enable":true,"color":{"color":"rgba(34, 56, 101, 0.04)"}},"content_boxed_border":{"width":1,"style":"none","color":{"color":"rgba(44,62,80,0.2)"}},"content_boxed_radius":{"top":"3px","bottom":"3px","left":"3px","right":"3px","linked":true},"boxed_content_spacing":{"desktop":{"top":"40px","bottom":"40px","left":"40px","right":"40px","linked":true},"tablet":{"top":"35px","bottom":"35px","left":"35px","right":"35px","linked":true},"mobile":{"top":"20px","bottom":"20px","left":"20px","right":"20px","linked":true}},"16709d3cc6c757fcdc91fea65663a894":"","disable_featured_image":"no","disable_share_box":"no","disable_header":"no","disable_footer":"no","styles_descriptor":{"styles":{"desktop":"[data-prefix=\"single_page\"] {background-color:var(--theme-palette-color-5);background-image:none;}","tablet":"","mobile":""},"google_fonts":[],"version":6}},"_links":{"self":[{"href":"https:\/\/deliriogastrobar.com\/index.php\/wp-json\/wp\/v2\/pages\/12","targetHints":{"allow":["GET"]}}],"collection":[{"href":"https:\/\/deliriogastrobar.com\/index.php\/wp-json\/wp\/v2\/pages"}],"about":[{"href":"https:\/\/deliriogastrobar.com\/index.php\/wp-json\/wp\/v2\/types\/page"}],"author":[{"embeddable":true,"href":"https:\/\/deliriogastrobar.com\/index.php\/wp-json\/wp\/v2\/users\/1"}],"replies":[{"embeddable":true,"href":"https:\/\/deliriogastrobar.com\/index.php\/wp-json\/wp\/v2\/comments?post=12"}],"version-history":[{"count":66,"href":"https:\/\/deliriogastrobar.com\/index.php\/wp-json\/wp\/v2\/pages\/12\/revisions"}],"predecessor-version":[{"id":829,"href":"https:\/\/deliriogastrobar.com\/index.php\/wp-json\/wp\/v2\/pages\/12\/revisions\/829"}],"wp:attachment":[{"href":"https:\/\/deliriogastrobar.com\/index.php\/wp-json\/wp\/v2\/media?parent=12"}],"curies":[{"name":"wp","href":"https:\/\/api.w.org\/{rel}","templated":true}]}}