{"id":16,"date":"2022-10-25T11:35:24","date_gmt":"2022-10-25T11:35:24","guid":{"rendered":"https:\/\/demo.creativethemes.com\/blocksy\/restaurant\/?page_id=16"},"modified":"2024-02-23T12:03:07","modified_gmt":"2024-02-23T11:03:07","slug":"contact","status":"publish","type":"page","link":"https:\/\/deliriogastrobar.com\/index.php\/contact\/","title":{"rendered":"Contacte"},"content":{"rendered":"\n<div class=\"wp-block-stackable-columns alignfull stk-block-columns stk-block stk-3e9e727 stk-block-background stk--has-background-overlay\" data-block-id=\"3e9e727\"><style>.stk-3e9e727{background-color:#000000 !important;background-image:url(https:\/\/deliriogastrobar.com\/wp-content\/uploads\/2023\/11\/IMG_5806-scaled.jpg) !important;min-height:100vh !important;align-items:center !important;padding-top:250px !important;padding-bottom:130px !important;margin-bottom:0px !important;display:flex !important}.stk-3e9e727:before{background-color:#000000 !important;opacity:0.6 !important}@media screen and (max-width:999px){.stk-3e9e727{padding-top:150px !important;padding-bottom:80px !important}}<\/style><div class=\"stk-row stk-inner-blocks stk-block-content stk-content-align stk-3e9e727-column alignwide\">\n<div class=\"wp-block-stackable-column stk-block-column stk-column stk-block stk-79a559e\" data-v=\"4\" data-block-id=\"79a559e\"><style>.stk-79a559e-container{margin-top:0px !important;margin-right:0px !important;margin-bottom:0px !important;margin-left:0px !important}.stk-79a559e{max-width:900px !important;margin-right:auto !important;margin-left:auto !important}@media screen and (max-width:999px){.stk-79a559e{max-width:600px !important}}<\/style><div class=\"stk-column-wrapper stk-block-column__content stk-container stk-79a559e-container stk--no-background stk--no-padding\"><div class=\"stk-block-content stk-inner-blocks stk-79a559e-inner-blocks\">\n<div class=\"wp-block-stackable-heading stk-block-heading stk-block-heading--v2 stk-block stk-06292d2\" id=\"contacte\" data-block-id=\"06292d2\"><style>.stk-06292d2 .stk-block-heading__text{font-size:80px !important}@media screen and (max-width:999px){.stk-06292d2 .stk-block-heading__text{font-size:50px !important}}@media screen and (max-width:689px){.stk-06292d2 .stk-block-heading__text{font-size:35px !important}}<\/style><h2 class=\"stk-block-heading__text has-text-align-center stk-block-heading--use-theme-margins\">Contacte<\/h2><\/div>\n\n\n\n<div class=\"wp-block-stackable-text stk-block-text stk-block stk-ee2ffa5\" data-block-id=\"ee2ffa5\"><style>.stk-ee2ffa5{margin-bottom:40px !important}.stk-ee2ffa5 .stk-block-text__text{font-size:20px !important}@media screen and (max-width:999px){.stk-ee2ffa5 .stk-block-text__text{font-size:20px !important}}<\/style><p class=\"stk-block-text__text has-text-align-center\"><\/p><\/div>\n\n\n\n<div class=\"wp-block-stackable-icon stk-block-icon has-text-align-center ct-animated-scroll-icon stk-block stk-e40a40a\" data-block-id=\"e40a40a\"><style>.stk-e40a40a .stk--svg-wrapper .stk--inner-svg svg:last-child,.stk-e40a40a .stk--svg-wrapper .stk--inner-svg svg:last-child :is(g,path,rect,polygon,ellipse){fill:var(--theme-palette-color-3,#ffffff) !important}<\/style><span class=\"stk--svg-wrapper\"><div class=\"stk--inner-svg\"><svg style=\"height:0;width:0\"><defs><linearGradient id=\"linear-gradient-e40a40a\" x1=\"0\" x2=\"100%\" y1=\"0\" y2=\"0\"><stop offset=\"0%\" style=\"stop-opacity:1;stop-color:var(--linear-gradient-e-40-a-40-a-color-1)\"><\/stop><stop offset=\"100%\" style=\"stop-opacity:1;stop-color:var(--linear-gradient-e-40-a-40-a-color-2)\"><\/stop><\/linearGradient><\/defs><\/svg><svg aria-hidden=\"true\" focusable=\"false\" data-prefix=\"far\" data-icon=\"window-minimize\" class=\"svg-inline--fa fa-window-minimize fa-w-16\" xmlns=\"http:\/\/www.w3.org\/2000\/svg\" viewBox=\"0 0 512 512\" width=\"32\" height=\"32\"><path fill=\"currentColor\" d=\"M480 480H32c-17.7 0-32-14.3-32-32s14.3-32 32-32h448c17.7 0 32 14.3 32 32s-14.3 32-32 32z\"><\/path><\/svg><\/div><\/span><\/div>\n<\/div><\/div><\/div>\n<\/div><\/div>\n\n\n\n<div class=\"wp-block-stackable-spacer stk-block-spacer stk--no-padding stk-block stk-e032541\" data-block-id=\"e032541\"><style>.stk-e032541{height:80px !important}@media screen and (max-width:999px){.stk-e032541{height:80px !important}}<\/style><\/div>\n\n\n\n<div class=\"wp-block-columns alignwide are-vertically-aligned-center is-layout-flex wp-container-core-columns-is-layout-28f84493 wp-block-columns-is-layout-flex\">\n<div class=\"wp-block-column is-vertically-aligned-center is-layout-flow wp-block-column-is-layout-flow\" style=\"flex-basis:100%\">\n<div class=\"wp-block-stackable-columns stk-block-columns stk-block stk-89a5567\" data-block-id=\"89a5567\"><style>.stk-89a5567{margin-bottom:0px !important}.stk-89a5567-column{row-gap:50px !important}<\/style><div class=\"stk-row stk-inner-blocks stk-block-content stk-content-align stk-89a5567-column\">\n<div class=\"wp-block-stackable-column stk-block-column stk-column stk-block stk-e8dafaa stk-block-background\" data-v=\"4\" data-block-id=\"e8dafaa\"><style>.stk-e8dafaa-container{margin-top:0px !important;margin-right:0px !important;margin-bottom:0px !important;margin-left:0px !important}.stk-e8dafaa{background-color:var(--theme-palette-color-6,#242a24) !important;padding-top:70px !important;padding-right:70px !important;padding-bottom:70px !important;padding-left:70px !important}.stk-e8dafaa:before{background-color:var(--theme-palette-color-6,#242a24) !important}@media screen and (max-width:999px){.stk-e8dafaa{padding-top:40px !important;padding-right:40px !important;padding-bottom:40px !important;padding-left:40px !important}}<\/style><div class=\"stk-column-wrapper stk-block-column__content stk-container stk-e8dafaa-container stk--no-background stk--no-padding\"><div class=\"stk-block-content stk-inner-blocks stk-e8dafaa-inner-blocks\">\n<div class=\"wp-block-stackable-columns stk-block-columns stk-block stk-9f791a5\" data-block-id=\"9f791a5\"><style>.stk-9f791a5{margin-top:10px !important;margin-bottom:60px !important}@media screen and (max-width:999px){.stk-9f791a5{margin-bottom:30px !important}.stk-9f791a5-column{row-gap:20px !important}}<\/style><div class=\"stk-row stk-inner-blocks has-text-align-center-tablet stk-block-content stk-content-align stk-9f791a5-column\">\n<div class=\"wp-block-stackable-column stk-block-column stk-column stk-block stk-4502549\" data-v=\"4\" data-block-id=\"4502549\"><style>.stk-4502549-container{margin-top:0px !important;margin-right:0px !important;margin-bottom:0px !important;margin-left:0px !important}@media screen and (min-width:690px){.stk-4502549{flex:1 1 calc(22% - var(--stk-column-gap,0px) * 1 \/ 2 ) !important}}@media screen and (min-width:690px) and (max-width:999px){.stk-4502549{flex:0 1 calc(100% - var(--stk-column-gap,0px) * 0 \/ 1 ) !important}}<\/style><div class=\"stk-column-wrapper stk-block-column__content stk-container stk-4502549-container stk--no-background stk--no-padding\"><div class=\"stk-block-content stk-inner-blocks stk-4502549-inner-blocks\">\n<div class=\"wp-block-stackable-icon stk-block-icon stk-block stk-e660e76\" data-block-id=\"e660e76\"><style>.stk-e660e76 .stk--svg-wrapper .stk--inner-svg svg:last-child{height:30px !important;width:30px !important}.stk-e660e76 .stk--svg-wrapper .stk--inner-svg{background-color:#ffb700 !important;border-radius:100% !important;padding:20px !important}@media screen and (max-width:689px){.stk-e660e76 .stk--svg-wrapper .stk--inner-svg svg:last-child{height:20px !important;width:20px !important}}<\/style><span class=\"stk--svg-wrapper\"><div class=\"stk--inner-svg\"><svg style=\"height:0;width:0\"><defs><linearGradient id=\"linear-gradient-e660e76\" x1=\"0\" x2=\"100%\" y1=\"0\" y2=\"0\"><stop offset=\"0%\" style=\"stop-opacity:1;stop-color:var(--linear-gradient-e-660-e-76-color-1)\"><\/stop><stop offset=\"100%\" style=\"stop-opacity:1;stop-color:var(--linear-gradient-e-660-e-76-color-2)\"><\/stop><\/linearGradient><\/defs><\/svg><svg class=\"ugb-custom-icon\" xmlns=\"http:\/\/www.w3.org\/2000\/svg\" viewBox=\"0 0 50 50\" style=\"enable-background:new 0 0 50 50\" xml:space=\"preserve\" aria-hidden=\"true\" width=\"32\" height=\"32\"><path d=\"m32.6 32.5 5.4-7.6c5-7.1 3.4-16.9-3.7-22-7.1-5-16.9-3.4-22 3.7-3.9 5.5-3.9 12.8 0 18.3l5.4 7.6c-6.7 1.2-12 4-12 8.5 0 6 9.7 9.1 19.3 9.1S44.3 47 44.3 41c0-4.5-5.2-7.3-11.7-8.5zm-16.9-10C12 17.3 13.2 10 18.5 6.3 23.7 2.6 30.9 3.8 34.6 9c2.9 4 2.9 9.4 0 13.4l-9.5 13.3-9.4-13.2zM25 45.8c-9.8 0-15.1-3.3-15.1-4.9 0-1.4 3.7-3.8 10.5-4.6l3 4.3c.7.9 2 1.2 2.9.5.2-.1.4-.3.5-.5l3-4.2c6.6.8 10.2 3.2 10.2 4.6.1 1.6-5.2 4.8-15 4.8zm6.9-30.2c0-3.7-3-6.8-6.8-6.8-3.7 0-6.8 3-6.8 6.8 0 3.7 3 6.8 6.8 6.8 3.8-.1 6.8-3.1 6.8-6.8zm-9.5 0c0-1.6 1.3-2.8 2.8-2.8 1.6 0 2.8 1.3 2.8 2.8 0 1.6-1.3 2.8-2.8 2.8-1.6 0-2.8-1.3-2.8-2.8z\" style=\"fill:#fff\"><\/path><\/svg><\/div><\/span><\/div>\n<\/div><\/div><\/div>\n\n\n\n<div class=\"wp-block-stackable-column stk-block-column stk-column stk-block stk-b2247c8\" data-v=\"4\" data-block-id=\"b2247c8\"><style>.stk-b2247c8-container{margin-top:0px !important;margin-right:0px !important;margin-bottom:0px !important;margin-left:0px !important}@media screen and (min-width:690px){.stk-b2247c8{flex:1 1 calc(78% - var(--stk-column-gap,0px) * 1 \/ 2 ) !important}}@media screen and (min-width:690px) and (max-width:999px){.stk-b2247c8{flex:0 1 calc(100% - var(--stk-column-gap,0px) * 0 \/ 1 ) !important}}<\/style><div class=\"stk-column-wrapper stk-block-column__content stk-container stk-b2247c8-container stk--no-background stk--no-padding\"><div class=\"stk-block-content stk-inner-blocks stk-b2247c8-inner-blocks\">\n<div class=\"wp-block-stackable-heading stk-block-heading stk-block-heading--v2 stk-block stk-e5c463c\" id=\"adreca\" data-block-id=\"e5c463c\"><style>.stk-e5c463c{margin-bottom:0px !important}<\/style><h5 class=\"stk-block-heading__text stk-block-heading--use-theme-margins\">Adre\u00e7a<\/h5><\/div>\n\n\n\n<div class=\"wp-block-stackable-text stk-block-text stk-block stk-1f926b0\" data-block-id=\"1f926b0\"><p class=\"stk-block-text__text\">Carrer Rial Pau Costa 9, Arenys de Mar    08350 Barcelona<\/p><\/div>\n<\/div><\/div><\/div>\n<\/div><\/div>\n\n\n\n<div class=\"wp-block-stackable-columns stk-block-columns stk-block stk-5a95ad1\" data-block-id=\"5a95ad1\"><style>.stk-5a95ad1{margin-bottom:60px !important}@media screen and (max-width:999px){.stk-5a95ad1{margin-bottom:30px !important}.stk-5a95ad1-column{row-gap:20px !important}}<\/style><div class=\"stk-row stk-inner-blocks has-text-align-center-tablet stk-block-content stk-content-align stk-5a95ad1-column\">\n<div class=\"wp-block-stackable-column stk-block-column stk-column stk-block stk-637e728\" data-v=\"4\" data-block-id=\"637e728\"><style>.stk-637e728-container{margin-top:0px !important;margin-right:0px !important;margin-bottom:0px !important;margin-left:0px !important}@media screen and (min-width:690px){.stk-637e728{flex:1 1 calc(22% - var(--stk-column-gap,0px) * 1 \/ 2 ) !important}}@media screen and (min-width:690px) and (max-width:999px){.stk-637e728{flex:0 1 calc(100% - var(--stk-column-gap,0px) * 0 \/ 1 ) !important}}<\/style><div class=\"stk-column-wrapper stk-block-column__content stk-container stk-637e728-container stk--no-background stk--no-padding\"><div class=\"stk-block-content stk-inner-blocks stk-637e728-inner-blocks\">\n<div class=\"wp-block-stackable-icon stk-block-icon stk-block stk-df5d9f4\" data-block-id=\"df5d9f4\"><style>.stk-df5d9f4 .stk--svg-wrapper .stk--inner-svg svg:last-child{height:30px !important;width:30px !important}.stk-df5d9f4 .stk--svg-wrapper .stk--inner-svg{background-color:#ffb700 !important;border-radius:100% !important;padding:20px !important}@media screen and (max-width:689px){.stk-df5d9f4 .stk--svg-wrapper .stk--inner-svg svg:last-child{height:20px !important;width:20px !important}}<\/style><span class=\"stk--svg-wrapper\"><div class=\"stk--inner-svg\"><svg style=\"height:0;width:0\"><defs><linearGradient id=\"linear-gradient-df5d9f4\" x1=\"0\" x2=\"100%\" y1=\"0\" y2=\"0\"><stop offset=\"0%\" style=\"stop-opacity:1;stop-color:var(--linear-gradient-df-5-d-9-f-4-color-1)\"><\/stop><stop offset=\"100%\" style=\"stop-opacity:1;stop-color:var(--linear-gradient-df-5-d-9-f-4-color-2)\"><\/stop><\/linearGradient><\/defs><\/svg><svg class=\"ugb-custom-icon\" xmlns=\"http:\/\/www.w3.org\/2000\/svg\" viewBox=\"0 0 50 50\" style=\"enable-background:new 0 0 50 50\" xml:space=\"preserve\" aria-hidden=\"true\" width=\"32\" height=\"32\"><path d=\"M43.1 50h-.6c-7.4-.8-14.4-3.3-20.7-7.3C16 38.9 11.1 34 7.4 28.3 3.4 22 .9 14.9.1 7.5-.3 3.7 2.5.4 6.3 0h7.5c3.4 0 6.3 2.5 6.8 5.9.3 2 .8 4 1.5 5.9.9 2.5.3 5.3-1.5 7.2L19 20.6c2.7 4.2 6.2 7.7 10.4 10.4l1.6-1.6c1.9-1.9 4.7-2.5 7.2-1.5 1.9.7 3.9 1.2 5.9 1.5 3.4.5 6 3.5 5.9 6.9v6.8c0 3.8-3.1 6.9-6.9 6.9zm-.2-4.6h.2c1.2 0 2.3-1 2.3-2.3V36.2c0-1.1-.8-2.1-1.9-2.3-2.4-.3-4.7-.9-6.9-1.7-.8-.3-1.8-.1-2.4.5l-2.9 2.9c-.7.7-1.9.9-2.8.4-6.1-3.4-11.1-8.5-14.5-14.5-.5-.9-.4-2 .4-2.8l2.9-2.9c.6-.6.8-1.6.5-2.4-.8-2.2-1.4-4.5-1.7-6.9-.2-1.1-1.1-1.9-2.2-1.9h-7c-1.2 0-2.3 1-2.3 2.3v.2c.7 6.7 3 13.1 6.6 18.7 3.3 5.2 7.7 9.6 13 13 5.7 3.6 12.1 5.9 18.7 6.6z\" style=\"fill:#fff\"><\/path><\/svg><\/div><\/span><\/div>\n<\/div><\/div><\/div>\n\n\n\n<div class=\"wp-block-stackable-column stk-block-column stk-column stk-block stk-22c7fda\" data-v=\"4\" data-block-id=\"22c7fda\"><style>.stk-22c7fda-container{margin-top:0px !important;margin-right:0px !important;margin-bottom:0px !important;margin-left:0px !important}@media screen and (min-width:690px){.stk-22c7fda{flex:1 1 calc(78% - var(--stk-column-gap,0px) * 1 \/ 2 ) !important}}@media screen and (min-width:690px) and (max-width:999px){.stk-22c7fda{flex:0 1 calc(100% - var(--stk-column-gap,0px) * 0 \/ 1 ) !important}}<\/style><div class=\"stk-column-wrapper stk-block-column__content stk-container stk-22c7fda-container stk--no-background stk--no-padding\"><div class=\"stk-block-content stk-inner-blocks stk-22c7fda-inner-blocks\">\n<div class=\"wp-block-stackable-heading stk-block-heading stk-block-heading--v2 stk-block stk-8507b1a\" id=\"telefons\" data-block-id=\"8507b1a\"><style>.stk-8507b1a{margin-bottom:0px !important}<\/style><h5 class=\"stk-block-heading__text stk-block-heading--use-theme-margins\">Tel\u00e8fons<\/h5><\/div>\n\n\n\n<div class=\"wp-block-stackable-text stk-block-text stk-block stk-6e4a411\" data-block-id=\"6e4a411\"><p class=\"stk-block-text__text\">+ 34 640 634 380<br>+ 34 931 819 127<\/p><\/div>\n<\/div><\/div><\/div>\n<\/div><\/div>\n\n\n\n<div class=\"wp-block-stackable-columns stk-block-columns stk-block stk-e9a8a3e\" data-block-id=\"e9a8a3e\"><style>@media screen and (max-width:999px){.stk-e9a8a3e-column{row-gap:20px !important}}<\/style><div class=\"stk-row stk-inner-blocks has-text-align-center-tablet stk-block-content stk-content-align stk-e9a8a3e-column\">\n<div class=\"wp-block-stackable-column stk-block-column stk-column stk-block stk-9c97718\" data-v=\"4\" data-block-id=\"9c97718\"><style>.stk-9c97718-container{margin-top:0px !important;margin-right:0px !important;margin-bottom:0px !important;margin-left:0px !important}@media screen and (min-width:690px){.stk-9c97718{flex:1 1 calc(22% - var(--stk-column-gap,0px) * 1 \/ 2 ) !important}}@media screen and (min-width:690px) and (max-width:999px){.stk-9c97718{flex:0 1 calc(100% - var(--stk-column-gap,0px) * 0 \/ 1 ) !important}}<\/style><div class=\"stk-column-wrapper stk-block-column__content stk-container stk-9c97718-container stk--no-background stk--no-padding\"><div class=\"stk-block-content stk-inner-blocks stk-9c97718-inner-blocks\">\n<div class=\"wp-block-stackable-icon stk-block-icon stk-block stk-c14cfc1\" data-block-id=\"c14cfc1\"><style>.stk-c14cfc1 .stk--svg-wrapper .stk--inner-svg svg:last-child{height:30px !important;width:30px !important}.stk-c14cfc1 .stk--svg-wrapper .stk--inner-svg{background-color:#ffb700 !important;border-radius:100% !important;padding:20px !important}@media screen and (max-width:689px){.stk-c14cfc1 .stk--svg-wrapper .stk--inner-svg svg:last-child{height:20px !important;width:20px !important}}<\/style><span class=\"stk--svg-wrapper\"><div class=\"stk--inner-svg\"><svg style=\"height:0;width:0\"><defs><linearGradient id=\"linear-gradient-c14cfc1\" x1=\"0\" x2=\"100%\" y1=\"0\" y2=\"0\"><stop offset=\"0%\" style=\"stop-opacity:1;stop-color:var(--linear-gradient-c-14-cfc-1-color-1)\"><\/stop><stop offset=\"100%\" style=\"stop-opacity:1;stop-color:var(--linear-gradient-c-14-cfc-1-color-2)\"><\/stop><\/linearGradient><\/defs><\/svg><svg class=\"ugb-custom-icon\" xmlns=\"http:\/\/www.w3.org\/2000\/svg\" viewBox=\"0 0 50 50\" style=\"enable-background:new 0 0 50 50\" xml:space=\"preserve\" aria-hidden=\"true\" width=\"32\" height=\"32\"><path d=\"M50 12.1V7.9c0-1.2-1-2.1-2.1-2.1H2.1C1 5.8 0 6.8 0 7.9V42c0 1.2 1 2.1 2.1 2.1h45.7c1.2 0 2.1-1 2.1-2.1V12.7c.1-.2.1-.4.1-.6zm-4.3-2v1.2L25 23.9 4.3 11.3v-1.2h41.4zM4.3 39.9V16.3l19.6 12c.3.2.7.3 1.1.3.4 0 .8-.1 1.1-.3l19.6-12v23.6H4.3z\" style=\"fill:#fff\"><\/path><\/svg><\/div><\/span><\/div>\n<\/div><\/div><\/div>\n\n\n\n<div class=\"wp-block-stackable-column stk-block-column stk-column stk-block stk-b2815b3\" data-v=\"4\" data-block-id=\"b2815b3\"><style>.stk-b2815b3-container{margin-top:0px !important;margin-right:0px !important;margin-bottom:0px !important;margin-left:0px !important}@media screen and (min-width:690px){.stk-b2815b3{flex:1 1 calc(78% - var(--stk-column-gap,0px) * 1 \/ 2 ) !important}}@media screen and (min-width:690px) and (max-width:999px){.stk-b2815b3{flex:0 1 calc(100% - var(--stk-column-gap,0px) * 0 \/ 1 ) !important}}<\/style><div class=\"stk-column-wrapper stk-block-column__content stk-container stk-b2815b3-container stk--no-background stk--no-padding\"><div class=\"stk-block-content stk-inner-blocks stk-b2815b3-inner-blocks\">\n<div class=\"wp-block-stackable-heading stk-block-heading stk-block-heading--v2 stk-block stk-f8242be\" id=\"correu-electronic\" data-block-id=\"f8242be\"><style>.stk-f8242be{margin-bottom:0px !important}<\/style><h5 class=\"stk-block-heading__text stk-block-heading--use-theme-margins\">Correu el\u00e8ctronic<\/h5><\/div>\n\n\n\n<div class=\"wp-block-stackable-text stk-block-text stk-block stk-0425d8d\" data-block-id=\"0425d8d\"><p class=\"stk-block-text__text\">deliriogastrobar@gmail.com<\/p><\/div>\n<\/div><\/div><\/div>\n<\/div><\/div>\n<\/div><\/div><\/div>\n<\/div><\/div>\n<\/div>\n<\/div>\n\n\n\n<div class=\"wp-block-columns alignwide is-layout-flex wp-container-core-columns-is-layout-28f84493 wp-block-columns-is-layout-flex\">\n<div class=\"wp-block-column is-layout-flow wp-block-column-is-layout-flow\" style=\"flex-basis:100%\">\n<iframe src=\"https:\/\/www.google.com\/maps\/embed?pb=!1m18!1m12!1m3!1d3056115.6069976804!2d-2.060500312499972!3d41.58032669999998!2m3!1f0!2f0!3f0!3m2!1i1024!2i768!4f13.1!3m3!1m2!1s0x12bb37e7c33e694d%3A0x99fcb0b88252ad39!2sDelirio%20Gastrobar!5e0!3m2!1ses!2ses!4v1699588404154!5m2!1ses!2ses\" width=\"600\" height=\"450\" style=\"border:0;\" allowfullscreen=\"\" loading=\"lazy\" referrerpolicy=\"no-referrer-when-downgrade\"><\/iframe>\n<\/div>\n<\/div>\n","protected":false},"excerpt":{"rendered":"<p>Contacte Adre\u00e7a Carrer Rial Pau Costa 9, Arenys de Mar 08350 Barcelona Tel\u00e8fons + 34 640 634 380+ 34 931 819 127 Correu el\u00e8ctronic deliriogastrobar@gmail.com<\/p>\n","protected":false},"author":1,"featured_media":0,"parent":0,"menu_order":0,"comment_status":"closed","ping_status":"closed","template":"","meta":{"footnotes":""},"class_list":["post-16","page","type-page","status-publish","hentry"],"blocksy_meta":{"styles_descriptor":{"styles":{"desktop":"","tablet":"","mobile":""},"google_fonts":[],"version":6},"page_title_panel":"","has_hero_section":"disabled","efe2bb502aa6d9356fe747afa565f037":"","hero_section":"type-1","hero_elements":[{"id":"custom_title","enabled":true,"heading_tag":"h1","title":"Home"},{"id":"custom_description","enabled":true,"description_visibility":{"desktop":true,"tablet":true,"mobile":false}},{"id":"custom_meta","enabled":false,"meta_elements":[{"id":"author","enabled":true,"label":"By","has_author_avatar":"yes","avatar_size":25},{"id":"post_date","enabled":true,"label":"On","date_format_source":"default","date_format":"M j, Y"},{"id":"updated_date","enabled":false,"label":"On","date_format_source":"default","date_format":"M j, Y"},{"id":"categories","enabled":false,"label":"In","style":"simple"},{"id":"comments","enabled":true}],"page_meta_elements":{"joined":true,"articles_count":true,"comments":true}},{"id":"breadcrumbs","enabled":false}],"55bc9bb506f7c1ba6b4f33f8d487fb87":"","hero_alignment1":"CT_CSS_SKIP_RULE","hero_margin":40,"hero_alignment2":"center","hero_vertical_alignment":"center","ff7cfcc30dd6bbb2a8684a0e310a1bbc":"","hero_structure":"narrow","7956d6ac02273e3d1684b4d3880d34c6":"","page_title_bg_type":"featured_image","custom_hero_background":{"attachment_id":null},"page_title_image_size":"full","parallax":{"desktop":false,"tablet":false,"mobile":false},"44491503d5d075024f907d92be20bd09":"","hero_height":"250px","pageTitleFont":{"family":"Default","variation":"Default","size":"30px","line-height":"CT_CSS_SKIP_RULE","letter-spacing":"CT_CSS_SKIP_RULE","text-transform":"CT_CSS_SKIP_RULE","text-decoration":"CT_CSS_SKIP_RULE"},"pageTitleFontColor":{"default":{"color":"CT_CSS_SKIP_RULEDEFAULT"}},"pageMetaFont":{"family":"Default","variation":"n6","size":"12px","line-height":"1.3","letter-spacing":"CT_CSS_SKIP_RULE","text-transform":"uppercase","text-decoration":"CT_CSS_SKIP_RULE"},"pageMetaFontColor":{"default":{"color":"CT_CSS_SKIP_RULEDEFAULT"},"hover":{"color":"CT_CSS_SKIP_RULEDEFAULT"}},"page_meta_button_type_font_colors":{"default":{"color":"CT_CSS_SKIP_RULEDEFAULT"},"hover":{"color":"CT_CSS_SKIP_RULEDEFAULT"}},"page_meta_button_type_background_colors":{"default":{"color":"CT_CSS_SKIP_RULEDEFAULT"},"hover":{"color":"CT_CSS_SKIP_RULEDEFAULT"}},"pageExcerptFont":{"family":"Default","variation":"Default","size":"CT_CSS_SKIP_RULE","line-height":"CT_CSS_SKIP_RULE","letter-spacing":"CT_CSS_SKIP_RULE","text-transform":"CT_CSS_SKIP_RULE","text-decoration":"CT_CSS_SKIP_RULE"},"pageExcerptColor":{"default":{"color":"CT_CSS_SKIP_RULEDEFAULT"}},"breadcrumbsFont":{"family":"Default","variation":"Default","size":"CT_CSS_SKIP_RULE","line-height":"CT_CSS_SKIP_RULE","letter-spacing":"CT_CSS_SKIP_RULE","text-transform":"CT_CSS_SKIP_RULE","text-decoration":"CT_CSS_SKIP_RULE"},"breadcrumbsFontColor":{"default":{"color":"CT_CSS_SKIP_RULEDEFAULT"},"initial":{"color":"CT_CSS_SKIP_RULEDEFAULT"},"hover":{"color":"CT_CSS_SKIP_RULEDEFAULT"}},"pageTitleOverlay":{"background_type":"color","background_pattern":"type-1","background_image":{"attachment_id":null,"x":0,"y":0},"gradient":"linear-gradient(135deg,rgba(6,147,227,1) 0%,rgb(155,81,224) 100%)","background_repeat":"repeat","background_size":"auto","background_attachment":"scroll","patternColor":{"default":{"color":"#e5e7ea"}},"overlayColor":{"default":{"color":"CT_CSS_SKIP_RULE"}},"backgroundColor":{"default":{"color":"CT_CSS_SKIP_RULE"}}},"pageTitleBackground":{"background_type":"color","background_pattern":"type-1","background_image":{"attachment_id":null,"x":0,"y":0},"gradient":"linear-gradient(135deg,rgba(6,147,227,1) 0%,rgb(155,81,224) 100%)","background_repeat":"repeat","background_size":"auto","background_attachment":"scroll","patternColor":{"default":{"color":"#e5e7ea"}},"overlayColor":{"default":{"color":"CT_CSS_SKIP_RULE"}},"backgroundColor":{"default":{"color":"var(--theme-palette-color-6)"}}},"pageTitlePadding":{"top":"50px","bottom":"50px","left":"auto","right":"auto","linked":true},"8fa8230d1f27dff49d55d1fda337bfe9":"","page_structure_type":"default","e3074e8cf0173aab640c4eb3a799a745":"","content_style_source":"inherit","content_style":"wide","vertical_spacing_source":"custom","content_area_spacing":"none","background":{"background_type":"color","background_pattern":"type-1","background_image":{"attachment_id":null,"x":0,"y":0},"gradient":"linear-gradient(135deg,rgba(6,147,227,1) 0%,rgb(155,81,224) 100%)","background_repeat":"repeat","background_size":"auto","background_attachment":"scroll","patternColor":{"default":{"color":"#e5e7ea"}},"overlayColor":{"default":{"color":"CT_CSS_SKIP_RULE"}},"backgroundColor":{"default":{"color":"CT_CSS_SKIP_RULE"}}},"content_background":{"background_type":"color","background_pattern":"type-1","background_image":{"attachment_id":null,"x":0,"y":0},"gradient":"linear-gradient(135deg,rgba(6,147,227,1) 0%,rgb(155,81,224) 100%)","background_repeat":"repeat","background_size":"auto","background_attachment":"scroll","patternColor":{"default":{"color":"#e5e7ea"}},"overlayColor":{"default":{"color":"CT_CSS_SKIP_RULE"}},"backgroundColor":{"default":{"color":"var(--theme-palette-color-8)"}}},"content_boxed_shadow":{"inherit":false,"blur":18,"spread":-6,"v_offset":12,"h_offset":0,"inset":false,"enable":true,"color":{"color":"rgba(34, 56, 101, 0.04)"}},"content_boxed_border":{"width":1,"style":"none","color":{"color":"rgba(44,62,80,0.2)"}},"content_boxed_radius":{"top":"3px","bottom":"3px","left":"3px","right":"3px","linked":true},"boxed_content_spacing":{"desktop":{"top":"40px","bottom":"40px","left":"40px","right":"40px","linked":true},"tablet":{"top":"35px","bottom":"35px","left":"35px","right":"35px","linked":true},"mobile":{"top":"20px","bottom":"20px","left":"20px","right":"20px","linked":true}},"4d71c07880039148b40e99f55ef065a1":"","disable_featured_image":"no","disable_share_box":"no","disable_header":"no","disable_footer":"no"},"_links":{"self":[{"href":"https:\/\/deliriogastrobar.com\/index.php\/wp-json\/wp\/v2\/pages\/16","targetHints":{"allow":["GET"]}}],"collection":[{"href":"https:\/\/deliriogastrobar.com\/index.php\/wp-json\/wp\/v2\/pages"}],"about":[{"href":"https:\/\/deliriogastrobar.com\/index.php\/wp-json\/wp\/v2\/types\/page"}],"author":[{"embeddable":true,"href":"https:\/\/deliriogastrobar.com\/index.php\/wp-json\/wp\/v2\/users\/1"}],"replies":[{"embeddable":true,"href":"https:\/\/deliriogastrobar.com\/index.php\/wp-json\/wp\/v2\/comments?post=16"}],"version-history":[{"count":7,"href":"https:\/\/deliriogastrobar.com\/index.php\/wp-json\/wp\/v2\/pages\/16\/revisions"}],"predecessor-version":[{"id":603,"href":"https:\/\/deliriogastrobar.com\/index.php\/wp-json\/wp\/v2\/pages\/16\/revisions\/603"}],"wp:attachment":[{"href":"https:\/\/deliriogastrobar.com\/index.php\/wp-json\/wp\/v2\/media?parent=16"}],"curies":[{"name":"wp","href":"https:\/\/api.w.org\/{rel}","templated":true}]}}